{"id":46,"date":"2017-09-03T05:09:47","date_gmt":"2017-09-03T03:09:47","guid":{"rendered":"https:\/\/antjetaubert.de\/?page_id=46"},"modified":"2025-07-03T21:31:45","modified_gmt":"2025-07-03T19:31:45","slug":"moskauer-konfekt","status":"publish","type":"page","link":"https:\/\/antjetaubert.de\/en\/malerei\/moskauer-konfekt\/","title":{"rendered":"Moscow confectionary"},"content":{"rendered":"<div class='loading-gallery'><div class='spinner'><div class='double-bounce1'><\/div><div class='double-bounce2'><\/div><\/div><\/div><div id='gallery-1' title='' class='gallery galleryid-46 gallery-columns-4 gallery-size-landscape-600 featherlight-gallery'><figure class='gallery-item with-caption' title='KARAMELL'><div class='img-container'><a href='https:\/\/antjetaubert.de\/wp-content\/uploads\/2017\/09\/01_Karamell.jpg'><img loading=\"lazy\" decoding=\"async\" width=\"600\" height=\"375\" src=\"https:\/\/antjetaubert.de\/wp-content\/uploads\/2017\/09\/01_Karamell-600x375.jpg\" class=\"attachment-landscape-600 size-landscape-600\" alt=\"\" aria-describedby=\"gallery-1-248\" \/><\/a><\/div><figcaption class='wp-caption-text gallery-caption' id='gallery-1-248'><span class='gallery-caption-title'>KARAMELL<\/span>\n\t\t\t\t<span class='gallery-caption-text'>2012, oil on canvas, 39,4&#215;47,2 in<\/span><\/figcaption><\/figure><figure class='gallery-item with-caption' title='CR\u00c8ME BR\u00dbL\u00c9E'><div class='img-container'><a href='https:\/\/antjetaubert.de\/wp-content\/uploads\/2017\/09\/02_Creme-Brulee.jpg'><img loading=\"lazy\" decoding=\"async\" width=\"600\" height=\"375\" src=\"https:\/\/antjetaubert.de\/wp-content\/uploads\/2017\/09\/02_Creme-Brulee-600x375.jpg\" class=\"attachment-landscape-600 size-landscape-600\" alt=\"\" aria-describedby=\"gallery-1-249\" \/><\/a><\/div><figcaption class='wp-caption-text gallery-caption' id='gallery-1-249'><span class='gallery-caption-title'>CR\u00c8ME BR\u00dbL\u00c9E<\/span>\n\t\t\t\t<span class='gallery-caption-text'>2012, , oil on canvas, 39,4&#215;47,2 in<\/span><\/figcaption><\/figure><figure class='gallery-item with-caption' title='KUKLA (PUPPE)'><div class='img-container'><a href='https:\/\/antjetaubert.de\/wp-content\/uploads\/2017\/09\/03_Kukla-Puppe.jpg'><img loading=\"lazy\" decoding=\"async\" width=\"600\" height=\"375\" src=\"https:\/\/antjetaubert.de\/wp-content\/uploads\/2017\/09\/03_Kukla-Puppe-600x375.jpg\" class=\"attachment-landscape-600 size-landscape-600\" alt=\"\" aria-describedby=\"gallery-1-250\" \/><\/a><\/div><figcaption class='wp-caption-text gallery-caption' id='gallery-1-250'><span class='gallery-caption-title'>KUKLA (PUPPE)<\/span>\n\t\t\t\t<span class='gallery-caption-text'>2013, oil on canvas, 39,4&#215;47,2 in<\/span><\/figcaption><\/figure><figure class='gallery-item with-caption' title='KRASNY AVIATOR (ROTER FLIEGER)'><div class='img-container'><a href='https:\/\/antjetaubert.de\/wp-content\/uploads\/2017\/09\/04_Krasny-Aviator-Roter-Flieger.jpg'><img loading=\"lazy\" decoding=\"async\" width=\"600\" height=\"375\" src=\"https:\/\/antjetaubert.de\/wp-content\/uploads\/2017\/09\/04_Krasny-Aviator-Roter-Flieger-600x375.jpg\" class=\"attachment-landscape-600 size-landscape-600\" alt=\"\" aria-describedby=\"gallery-1-251\" \/><\/a><\/div><figcaption class='wp-caption-text gallery-caption' id='gallery-1-251'><span class='gallery-caption-title'>KRASNY AVIATOR (ROTER FLIEGER)<\/span>\n\t\t\t\t<span class='gallery-caption-text'>2013, oil on canvas, 39,4&#215;47,2 in<\/span><\/figcaption><\/figure><figure class='gallery-item with-caption' title='INTERFERENZ'><div class='img-container'><a href='https:\/\/antjetaubert.de\/wp-content\/uploads\/2017\/09\/02_Interferenz-e1672334886795.jpg'><img loading=\"lazy\" decoding=\"async\" width=\"600\" height=\"375\" src=\"https:\/\/antjetaubert.de\/wp-content\/uploads\/2017\/09\/02_Interferenz-e1672334886795-600x375.jpg\" class=\"attachment-landscape-600 size-landscape-600\" alt=\"\" aria-describedby=\"gallery-1-235\" \/><\/a><\/div><figcaption class='wp-caption-text gallery-caption' id='gallery-1-235'><span class='gallery-caption-title'>INTERFERENZ<\/span>\n\t\t\t\t<span class='gallery-caption-text'>2012\/15, oil on canvas, 39,4&#215;47,2 in<\/span><\/figcaption><\/figure><figure class='gallery-item with-caption' title='ZUCKER II'><div class='img-container'><a href='https:\/\/antjetaubert.de\/wp-content\/uploads\/2017\/09\/06_Zucker-2.jpg'><img loading=\"lazy\" decoding=\"async\" width=\"600\" height=\"375\" src=\"https:\/\/antjetaubert.de\/wp-content\/uploads\/2017\/09\/06_Zucker-2-600x375.jpg\" class=\"attachment-landscape-600 size-landscape-600\" alt=\"\" aria-describedby=\"gallery-1-253\" \/><\/a><\/div><figcaption class='wp-caption-text gallery-caption' id='gallery-1-253'><span class='gallery-caption-title'>ZUCKER II<\/span>\n\t\t\t\t<span class='gallery-caption-text'>2013, oil on canvas, 39,4&#215;47,2 in<\/span><\/figcaption><\/figure><figure class='gallery-item with-caption' title='ZUCKER I'><div class='img-container'><a href='https:\/\/antjetaubert.de\/wp-content\/uploads\/2017\/09\/05_Zucker-1-scaled.jpg'><img loading=\"lazy\" decoding=\"async\" width=\"600\" height=\"375\" src=\"https:\/\/antjetaubert.de\/wp-content\/uploads\/2017\/09\/05_Zucker-1-scaled-600x375.jpg\" class=\"attachment-landscape-600 size-landscape-600\" alt=\"\" aria-describedby=\"gallery-1-252\" \/><\/a><\/div><figcaption class='wp-caption-text gallery-caption' id='gallery-1-252'><span class='gallery-caption-title'>ZUCKER I<\/span>\n\t\t\t\t<span class='gallery-caption-text'>2012-13, oil on canvas, 39,4&#215;47,2 in<\/span><\/figcaption><\/figure><figure class='gallery-item with-caption' title='ZUCKER III'><div class='img-container'><a href='https:\/\/antjetaubert.de\/wp-content\/uploads\/2017\/09\/07_Zucker3-scaled.jpg'><img loading=\"lazy\" decoding=\"async\" width=\"600\" height=\"375\" src=\"https:\/\/antjetaubert.de\/wp-content\/uploads\/2017\/09\/07_Zucker3-scaled-600x375.jpg\" class=\"attachment-landscape-600 size-landscape-600\" alt=\"\" aria-describedby=\"gallery-1-254\" \/><\/a><\/div><figcaption class='wp-caption-text gallery-caption' id='gallery-1-254'><span class='gallery-caption-title'>ZUCKER III<\/span>\n\t\t\t\t<span class='gallery-caption-text'>2014, oil on canvas, 39,4&#215;47,2 in<\/span><\/figcaption><\/figure><figure class='gallery-item with-caption' title='ZUCKER IV'><div class='img-container'><a href='https:\/\/antjetaubert.de\/wp-content\/uploads\/2017\/09\/12_Zucker4.jpg'><img loading=\"lazy\" decoding=\"async\" width=\"600\" height=\"375\" src=\"https:\/\/antjetaubert.de\/wp-content\/uploads\/2017\/09\/12_Zucker4-600x375.jpg\" class=\"attachment-landscape-600 size-landscape-600\" alt=\"\" aria-describedby=\"gallery-1-259\" \/><\/a><\/div><figcaption class='wp-caption-text gallery-caption' id='gallery-1-259'><span class='gallery-caption-title'>ZUCKER IV<\/span>\n\t\t\t\t<span class='gallery-caption-text'>2014, oil on canvas, 13,8,4&#215;15,7 in<\/span><\/figcaption><\/figure><figure class='gallery-item with-caption' title='EXTRA'><div class='img-container'><a href='https:\/\/antjetaubert.de\/wp-content\/uploads\/2017\/09\/08_Extra.jpg'><img loading=\"lazy\" decoding=\"async\" width=\"600\" height=\"375\" src=\"https:\/\/antjetaubert.de\/wp-content\/uploads\/2017\/09\/08_Extra-600x375.jpg\" class=\"attachment-landscape-600 size-landscape-600\" alt=\"\" aria-describedby=\"gallery-1-255\" \/><\/a><\/div><figcaption class='wp-caption-text gallery-caption' id='gallery-1-255'><span class='gallery-caption-title'>EXTRA<\/span>\n\t\t\t\t<span class='gallery-caption-text'>2014, oil on canvas, 13,8,4&#215;15,7 in, private collection, Berlin<\/span><\/figcaption><\/figure><figure class='gallery-item with-caption' title='APRIKOSEN'><div class='img-container'><a href='https:\/\/antjetaubert.de\/wp-content\/uploads\/2017\/09\/11_Aprikosen.jpg'><img loading=\"lazy\" decoding=\"async\" width=\"600\" height=\"375\" src=\"https:\/\/antjetaubert.de\/wp-content\/uploads\/2017\/09\/11_Aprikosen-600x375.jpg\" class=\"attachment-landscape-600 size-landscape-600\" alt=\"\" aria-describedby=\"gallery-1-258\" \/><\/a><\/div><figcaption class='wp-caption-text gallery-caption' id='gallery-1-258'><span class='gallery-caption-title'>APRIKOSEN<\/span>\n\t\t\t\t<span class='gallery-caption-text'>2014, oil on canvas, 13,8,4&#215;15,7 in, private collection Cordoba\/Spain<\/span><\/figcaption><\/figure><figure class='gallery-item with-caption' title='MOSKWA'><div class='img-container'><a href='https:\/\/antjetaubert.de\/wp-content\/uploads\/2017\/09\/13_Moskwa.jpg'><img loading=\"lazy\" decoding=\"async\" width=\"600\" height=\"375\" src=\"https:\/\/antjetaubert.de\/wp-content\/uploads\/2017\/09\/13_Moskwa-600x375.jpg\" class=\"attachment-landscape-600 size-landscape-600\" alt=\"\" aria-describedby=\"gallery-1-260\" \/><\/a><\/div><figcaption class='wp-caption-text gallery-caption' id='gallery-1-260'><span class='gallery-caption-title'>MOSKWA<\/span>\n\t\t\t\t<span class='gallery-caption-text'>2014, oil on canvas, 13,8,4&#215;15,7 in, private collection, Berlin<\/span><\/figcaption><\/figure><figure class='gallery-item with-caption' title='ZUCKER VII'><div class='img-container'><a href='https:\/\/antjetaubert.de\/wp-content\/uploads\/2017\/09\/09_zucker7.jpg'><img loading=\"lazy\" decoding=\"async\" width=\"600\" height=\"375\" src=\"https:\/\/antjetaubert.de\/wp-content\/uploads\/2017\/09\/09_zucker7-600x375.jpg\" class=\"attachment-landscape-600 size-landscape-600\" alt=\"\" aria-describedby=\"gallery-1-256\" \/><\/a><\/div><figcaption class='wp-caption-text gallery-caption' id='gallery-1-256'><span class='gallery-caption-title'>ZUCKER VII<\/span>\n\t\t\t\t<span class='gallery-caption-text'>2014, oil on canvas, 13,8,4&#215;15,7 in<\/span><\/figcaption><\/figure><figure class='gallery-item with-caption' title='ZUCKER V'><div class='img-container'><a href='https:\/\/antjetaubert.de\/wp-content\/uploads\/2017\/09\/14_Zucker5.jpg'><img loading=\"lazy\" decoding=\"async\" width=\"600\" height=\"375\" src=\"https:\/\/antjetaubert.de\/wp-content\/uploads\/2017\/09\/14_Zucker5-600x375.jpg\" class=\"attachment-landscape-600 size-landscape-600\" alt=\"\" aria-describedby=\"gallery-1-261\" \/><\/a><\/div><figcaption class='wp-caption-text gallery-caption' id='gallery-1-261'><span class='gallery-caption-title'>ZUCKER V<\/span>\n\t\t\t\t<span class='gallery-caption-text'>2014, oil on canvas, 13,8,4&#215;15,7 in<\/span><\/figcaption><\/figure><figure class='gallery-item with-caption' title='ZUCKER VI'><div class='img-container'><a href='https:\/\/antjetaubert.de\/wp-content\/uploads\/2017\/09\/17_Zucker6.jpg'><img loading=\"lazy\" decoding=\"async\" width=\"600\" height=\"375\" src=\"https:\/\/antjetaubert.de\/wp-content\/uploads\/2017\/09\/17_Zucker6-600x375.jpg\" class=\"attachment-landscape-600 size-landscape-600\" alt=\"\" aria-describedby=\"gallery-1-264\" \/><\/a><\/div><figcaption class='wp-caption-text gallery-caption' id='gallery-1-264'><span class='gallery-caption-title'>ZUCKER VI<\/span>\n\t\t\t\t<span class='gallery-caption-text'>2014, oil on canvas, 13,8,4&#215;15,7 in<\/span><\/figcaption><\/figure><figure class='gallery-item with-caption' title='CASSIS'><div class='img-container'><a href='https:\/\/antjetaubert.de\/wp-content\/uploads\/2017\/09\/15_Cassis.jpg'><img loading=\"lazy\" decoding=\"async\" width=\"600\" height=\"375\" src=\"https:\/\/antjetaubert.de\/wp-content\/uploads\/2017\/09\/15_Cassis-600x375.jpg\" class=\"attachment-landscape-600 size-landscape-600\" alt=\"\" aria-describedby=\"gallery-1-262\" \/><\/a><\/div><figcaption class='wp-caption-text gallery-caption' id='gallery-1-262'><span class='gallery-caption-title'>CASSIS<\/span>\n\t\t\t\t<span class='gallery-caption-text'>2014, oil on canvas, 13,8,4&#215;15,7 in, private collection, Berlin<\/span><\/figcaption><\/figure><figure class='gallery-item with-caption' title='RUSSISCH GR\u00dcN'><div class='img-container'><a href='https:\/\/antjetaubert.de\/wp-content\/uploads\/2017\/09\/10_Russisch-Gruen-scaled.jpg'><img loading=\"lazy\" decoding=\"async\" width=\"600\" height=\"375\" src=\"https:\/\/antjetaubert.de\/wp-content\/uploads\/2017\/09\/10_Russisch-Gruen-scaled-600x375.jpg\" class=\"attachment-landscape-600 size-landscape-600\" alt=\"\" aria-describedby=\"gallery-1-257\" \/><\/a><\/div><figcaption class='wp-caption-text gallery-caption' id='gallery-1-257'><span class='gallery-caption-title'>RUSSISCH GR\u00dcN<\/span>\n\t\t\t\t<span class='gallery-caption-text'>2013 oil on canvas, 59&#215;66,9 in<\/span><\/figcaption><\/figure><figure class='gallery-item with-caption' title='PREUSSISCH BLAU '><div class='img-container'><a href='https:\/\/antjetaubert.de\/wp-content\/uploads\/2017\/09\/16_Preussisch-Blau.jpg'><img loading=\"lazy\" decoding=\"async\" width=\"600\" height=\"375\" src=\"https:\/\/antjetaubert.de\/wp-content\/uploads\/2017\/09\/16_Preussisch-Blau-600x375.jpg\" class=\"attachment-landscape-600 size-landscape-600\" alt=\"\" aria-describedby=\"gallery-1-263\" \/><\/a><\/div><figcaption class='wp-caption-text gallery-caption' id='gallery-1-263'><span class='gallery-caption-title'>PREUSSISCH BLAU <\/span>\n\t\t\t\t<span class='gallery-caption-text'>2014, oil on canvas, 59&#215;66,9 in<\/span><\/figcaption><\/figure>\n\t\t<\/div>\n\n","protected":false},"excerpt":{"rendered":"","protected":false},"author":2,"featured_media":248,"parent":10,"menu_order":0,"comment_status":"closed","ping_status":"closed","template":"single-serie-page.php","meta":{"_acf_changed":false,"footnotes":""},"class_list":["post-46","page","type-page","status-publish","has-post-thumbnail","hentry"],"acf":[],"_links":{"self":[{"href":"https:\/\/antjetaubert.de\/en\/wp-json\/wp\/v2\/pages\/46","targetHints":{"allow":["GET"]}}],"collection":[{"href":"https:\/\/antjetaubert.de\/en\/wp-json\/wp\/v2\/pages"}],"about":[{"href":"https:\/\/antjetaubert.de\/en\/wp-json\/wp\/v2\/types\/page"}],"author":[{"embeddable":true,"href":"https:\/\/antjetaubert.de\/en\/wp-json\/wp\/v2\/users\/2"}],"replies":[{"embeddable":true,"href":"https:\/\/antjetaubert.de\/en\/wp-json\/wp\/v2\/comments?post=46"}],"version-history":[{"count":7,"href":"https:\/\/antjetaubert.de\/en\/wp-json\/wp\/v2\/pages\/46\/revisions"}],"predecessor-version":[{"id":4592,"href":"https:\/\/antjetaubert.de\/en\/wp-json\/wp\/v2\/pages\/46\/revisions\/4592"}],"up":[{"embeddable":true,"href":"https:\/\/antjetaubert.de\/en\/wp-json\/wp\/v2\/pages\/10"}],"wp:featuredmedia":[{"embeddable":true,"href":"https:\/\/antjetaubert.de\/en\/wp-json\/wp\/v2\/media\/248"}],"wp:attachment":[{"href":"https:\/\/antjetaubert.de\/en\/wp-json\/wp\/v2\/media?parent=46"}],"curies":[{"name":"wp","href":"https:\/\/api.w.org\/{rel}","templated":true}]}}